{"id":9,"date":"2021-05-31T17:25:55","date_gmt":"2021-05-31T17:25:55","guid":{"rendered":"https:\/\/dyncorpsa.com.ar\/?page_id=9"},"modified":"2021-10-05T00:11:38","modified_gmt":"2021-10-05T00:11:38","slug":"home","status":"publish","type":"page","link":"https:\/\/dyncorpsa.com.ar\/","title":{"rendered":"Home"},"content":{"rendered":"\t\t<div data-elementor-type=\"wp-page\" data-elementor-id=\"9\" class=\"elementor elementor-9\">\n\t\t\t\t\t\t\t\t\t<section class=\"elementor-section elementor-top-section elementor-element elementor-element-ca53546 elementor-section-full_width elementor-section-height-default elementor-section-height-default\" data-id=\"ca53546\" data-element_type=\"section\">\n\t\t\t\t\t\t<div class=\"elementor-container elementor-column-gap-no\">\n\t\t\t\t\t<div class=\"elementor-column elementor-col-100 elementor-top-column elementor-element elementor-element-d5e01f8\" data-id=\"d5e01f8\" data-element_type=\"column\">\n\t\t\t<div class=\"elementor-widget-wrap elementor-element-populated\">\n\t\t\t\t\t\t\t\t<div class=\"elementor-element elementor-element-88fc2b2 elementor-widget elementor-widget-image\" data-id=\"88fc2b2\" data-element_type=\"widget\" data-widget_type=\"image.default\">\n\t\t\t\t<div class=\"elementor-widget-container\">\n\t\t\t\t\t\t\t\t\t\t\t\t\t\t\t<img width=\"1500\" height=\"500\" src=\"https:\/\/dyncorpsa.com.ar\/wp-content\/uploads\/2021\/10\/Dyncorp-S.A.-1-1.png\" class=\"attachment-full size-full wp-image-400\" alt=\"\" loading=\"lazy\" srcset=\"https:\/\/dyncorpsa.com.ar\/wp-content\/uploads\/2021\/10\/Dyncorp-S.A.-1-1.png 1500w, https:\/\/dyncorpsa.com.ar\/wp-content\/uploads\/2021\/10\/Dyncorp-S.A.-1-1-300x100.png 300w, https:\/\/dyncorpsa.com.ar\/wp-content\/uploads\/2021\/10\/Dyncorp-S.A.-1-1-1024x341.png 1024w, https:\/\/dyncorpsa.com.ar\/wp-content\/uploads\/2021\/10\/Dyncorp-S.A.-1-1-768x256.png 768w\" sizes=\"(max-width: 1500px) 100vw, 1500px\" \/>\t\t\t\t\t\t\t\t\t\t\t\t\t\t\t<\/div>\n\t\t\t\t<\/div>\n\t\t\t\t\t<\/div>\n\t\t<\/div>\n\t\t\t\t\t\t\t<\/div>\n\t\t<\/section>\n\t\t\t\t<section class=\"elementor-section elementor-top-section elementor-element elementor-element-a061aa7 elementor-section-boxed elementor-section-height-default elementor-section-height-default\" data-id=\"a061aa7\" data-element_type=\"section\">\n\t\t\t\t\t\t<div class=\"elementor-container elementor-column-gap-default\">\n\t\t\t\t\t<div class=\"elementor-column elementor-col-100 elementor-top-column elementor-element elementor-element-a650452\" data-id=\"a650452\" data-element_type=\"column\">\n\t\t\t<div class=\"elementor-widget-wrap elementor-element-populated\">\n\t\t\t\t\t\t\t\t<div class=\"elementor-element elementor-element-ddda735 elementor-widget elementor-widget-heading\" data-id=\"ddda735\" data-element_type=\"widget\" data-widget_type=\"heading.default\">\n\t\t\t\t<div class=\"elementor-widget-container\">\n\t\t\t<h2 class=\"elementor-heading-title elementor-size-default\">Impregnaci\u00f3n de postes y conservaci\u00f3n de la madera\u200b<\/h2>\t\t<\/div>\n\t\t\t\t<\/div>\n\t\t\t\t<div class=\"elementor-element elementor-element-1802661 elementor-widget-divider--view-line elementor-widget elementor-widget-divider\" data-id=\"1802661\" data-element_type=\"widget\" data-widget_type=\"divider.default\">\n\t\t\t\t<div class=\"elementor-widget-container\">\n\t\t\t\t\t<div class=\"elementor-divider\">\n\t\t\t<span class=\"elementor-divider-separator\">\n\t\t\t\t\t\t<\/span>\n\t\t<\/div>\n\t\t\t\t<\/div>\n\t\t\t\t<\/div>\n\t\t\t\t<div class=\"elementor-element elementor-element-d868d39 elementor-widget elementor-widget-text-editor\" data-id=\"d868d39\" data-element_type=\"widget\" data-widget_type=\"text-editor.default\">\n\t\t\t\t<div class=\"elementor-widget-container\">\n\t\t\t\t\t\t\t<p><span style=\"font-weight: 400;\">La materia prima se obtiene de montes propios o de terceros, las maderas que m\u00e1s com\u00fanmente trabajamos en Argentina son el Pinus Elliotis y Taeda (pino) y el Eucaliptus Saligna y Grandis (eucalipto). Pinos y Eucaliptus tienen buena respuesta a la impregnaci\u00f3n al igual que algunas especies nativas o implantadas como el quebracho blanco y el \u00e1lamo. Otras variedades de pino y eucalipto se tratan de igual manera que las reci\u00e9n mencionadas.<\/span><\/p><p><span style=\"font-weight: 400;\">En la mayor\u00eda de las especies de \u00e1rboles de la zona impermeable 100% es la albura, mientras que el duramen no permite por su estructura, la penetraci\u00f3n del preservante, o le permite solo muy superficialmente.<\/span><\/p><p><span style=\"font-weight: 400;\">En el caso del pino, a la edad que habitualmente se lo corta, el duramen es insignificante, por lo que podemos decir que a los efectos pr\u00e1cticos se impregna totalmente. El eucalipto, en cambio, tiene un duramen importante. En Argentina la albura de un poste de eucalipto rara vez supera una pulgada de profundidad, excepto en el caso de las estacas, rodrigones o postes peque\u00f1os. Esto significa que en el caso del eucalipto, s\u00f3lo se impregnar\u00e1 en un 100% la albura, quedando el duramen impregnado s\u00f3lo en su parte expuesta ya sea en los extremos del poste, los nudos, las grietas y rajaduras, o en la vecindad inmediata de la albura. No obstante la experiencia demuestra que la impregnaci\u00f3n de la albura es suficiente para conferir larga duraci\u00f3n al poste de eucalipto, ya que al cubrir \u00e9sta, el duramen, resulta una barrera eficaz contra la penetraci\u00f3n de los agentes externos.<\/span><\/p><p><span style=\"font-weight: 400;\">La madera es trasportada v\u00eda terrestre a la plata impregnadora, d\u00f3nde se clasifica, seg\u00fan longitud, espesor y se controla la humedad existente en la madera.<\/span><\/p><p><span style=\"font-weight: 400;\">Luego la impregnaci\u00f3n vac\u00edo presi\u00f3n es el m\u00e9todo m\u00e1s eficaz para conservar maderas de uso interior o de empleo exterior y que deban ser colocadas en servicios en contacto con el suelo o con el agua, expuesta a pudriciones o a ser atacados por los insectos como los xil\u00f3fagos Marinos.<\/span><\/p><p><span style=\"font-weight: 400;\">La pr\u00e1ctica de este sistema de impregnaci\u00f3n con preserverante obliga a\u00a0 utilizar instalaciones especiales provistas de autoclave o cilindro de impregnaci\u00f3n y de todos los accesorios complementarios necesarios tales como dep\u00f3sitos de almacenamientos, estanques de mezcla, compresores, bombas hidr\u00e1ulicas y de vac\u00edo, man\u00f3metros, vacu\u00f3metros, term\u00f3metros, etc.<\/span><\/p>\t\t\t\t\t\t<\/div>\n\t\t\t\t<\/div>\n\t\t\t\t<div class=\"elementor-element elementor-element-765ee72 elementor-widget elementor-widget-heading\" data-id=\"765ee72\" data-element_type=\"widget\" data-widget_type=\"heading.default\">\n\t\t\t\t<div class=\"elementor-widget-container\">\n\t\t\t<h4 class=\"elementor-heading-title elementor-size-default\">IRAM:<\/h4>\t\t<\/div>\n\t\t\t\t<\/div>\n\t\t\t\t<div class=\"elementor-element elementor-element-3b8cd49 elementor-widget elementor-widget-text-editor\" data-id=\"3b8cd49\" data-element_type=\"widget\" data-widget_type=\"text-editor.default\">\n\t\t\t\t<div class=\"elementor-widget-container\">\n\t\t\t\t\t\t\t<p><span style=\"font-weight: 400;\">Se cumplen con las especificaciones t\u00e9cnicas de normas IRAM 9513-9531-9597 y ANSI 05.1 BRA-AWPA<\/span><\/p>\t\t\t\t\t\t<\/div>\n\t\t\t\t<\/div>\n\t\t\t\t\t<\/div>\n\t\t<\/div>\n\t\t\t\t\t\t\t<\/div>\n\t\t<\/section>\n\t\t\t\t\t\t\t<\/div>\n\t\t","protected":false},"excerpt":{"rendered":"<p>Impregnaci\u00f3n de postes y conservaci\u00f3n de la madera\u200b La materia prima se obtiene de montes propios o de terceros, las maderas que m\u00e1s com\u00fanmente trabajamos en Argentina son el Pinus Elliotis y Taeda (pino) y el Eucaliptus Saligna y Grandis (eucalipto). Pinos y Eucaliptus tienen buena respuesta a la impregnaci\u00f3n al igual que algunas especies [&hellip;]<\/p>\n","protected":false},"author":1,"featured_media":0,"parent":0,"menu_order":0,"comment_status":"closed","ping_status":"closed","template":"elementor_header_footer","meta":[],"_links":{"self":[{"href":"https:\/\/dyncorpsa.com.ar\/index.php\/wp-json\/wp\/v2\/pages\/9"}],"collection":[{"href":"https:\/\/dyncorpsa.com.ar\/index.php\/wp-json\/wp\/v2\/pages"}],"about":[{"href":"https:\/\/dyncorpsa.com.ar\/index.php\/wp-json\/wp\/v2\/types\/page"}],"author":[{"embeddable":true,"href":"https:\/\/dyncorpsa.com.ar\/index.php\/wp-json\/wp\/v2\/users\/1"}],"replies":[{"embeddable":true,"href":"https:\/\/dyncorpsa.com.ar\/index.php\/wp-json\/wp\/v2\/comments?post=9"}],"version-history":[{"count":43,"href":"https:\/\/dyncorpsa.com.ar\/index.php\/wp-json\/wp\/v2\/pages\/9\/revisions"}],"predecessor-version":[{"id":403,"href":"https:\/\/dyncorpsa.com.ar\/index.php\/wp-json\/wp\/v2\/pages\/9\/revisions\/403"}],"wp:attachment":[{"href":"https:\/\/dyncorpsa.com.ar\/index.php\/wp-json\/wp\/v2\/media?parent=9"}],"curies":[{"name":"wp","href":"https:\/\/api.w.org\/{rel}","templated":true}]}}