{"id":52,"date":"2021-05-31T19:45:21","date_gmt":"2021-05-31T19:45:21","guid":{"rendered":"https:\/\/dyncorpsa.com.ar\/index.php\/home-portugues\/"},"modified":"2021-10-05T00:19:51","modified_gmt":"2021-10-05T00:19:51","slug":"home-portugues","status":"publish","type":"page","link":"https:\/\/dyncorpsa.com.ar\/index.php\/pt\/home-portugues\/","title":{"rendered":"Home &#8211; Portugu\u00eas"},"content":{"rendered":"\t\t<div data-elementor-type=\"wp-page\" data-elementor-id=\"52\" class=\"elementor elementor-52\">\n\t\t\t\t\t\t\t\t\t<section class=\"elementor-section elementor-top-section elementor-element elementor-element-db656cc elementor-section-full_width elementor-section-height-default elementor-section-height-default\" data-id=\"db656cc\" data-element_type=\"section\">\n\t\t\t\t\t\t<div class=\"elementor-container elementor-column-gap-no\">\n\t\t\t\t\t<div class=\"elementor-column elementor-col-100 elementor-top-column elementor-element elementor-element-92962c6\" data-id=\"92962c6\" data-element_type=\"column\">\n\t\t\t<div class=\"elementor-widget-wrap elementor-element-populated\">\n\t\t\t\t\t\t\t\t<div class=\"elementor-element elementor-element-507b78a elementor-widget elementor-widget-image\" data-id=\"507b78a\" data-element_type=\"widget\" data-widget_type=\"image.default\">\n\t\t\t\t<div class=\"elementor-widget-container\">\n\t\t\t\t\t\t\t\t\t\t\t\t\t\t\t<img width=\"1500\" height=\"500\" src=\"https:\/\/dyncorpsa.com.ar\/wp-content\/uploads\/2021\/10\/Dyncorp-S.A.-1-1-1.png\" class=\"attachment-full size-full wp-image-418\" alt=\"\" loading=\"lazy\" srcset=\"https:\/\/dyncorpsa.com.ar\/wp-content\/uploads\/2021\/10\/Dyncorp-S.A.-1-1-1.png 1500w, https:\/\/dyncorpsa.com.ar\/wp-content\/uploads\/2021\/10\/Dyncorp-S.A.-1-1-1-300x100.png 300w, https:\/\/dyncorpsa.com.ar\/wp-content\/uploads\/2021\/10\/Dyncorp-S.A.-1-1-1-1024x341.png 1024w, https:\/\/dyncorpsa.com.ar\/wp-content\/uploads\/2021\/10\/Dyncorp-S.A.-1-1-1-768x256.png 768w\" sizes=\"(max-width: 1500px) 100vw, 1500px\" \/>\t\t\t\t\t\t\t\t\t\t\t\t\t\t\t<\/div>\n\t\t\t\t<\/div>\n\t\t\t\t\t<\/div>\n\t\t<\/div>\n\t\t\t\t\t\t\t<\/div>\n\t\t<\/section>\n\t\t\t\t<section class=\"elementor-section elementor-top-section elementor-element elementor-element-407c264 elementor-section-boxed elementor-section-height-default elementor-section-height-default\" data-id=\"407c264\" data-element_type=\"section\">\n\t\t\t\t\t\t<div class=\"elementor-container elementor-column-gap-default\">\n\t\t\t\t\t<div class=\"elementor-column elementor-col-100 elementor-top-column elementor-element elementor-element-355bfe8\" data-id=\"355bfe8\" data-element_type=\"column\">\n\t\t\t<div class=\"elementor-widget-wrap elementor-element-populated\">\n\t\t\t\t\t\t\t\t<div class=\"elementor-element elementor-element-36fac68 elementor-widget elementor-widget-heading\" data-id=\"36fac68\" data-element_type=\"widget\" data-widget_type=\"heading.default\">\n\t\t\t\t<div class=\"elementor-widget-container\">\n\t\t\t<h2 class=\"elementor-heading-title elementor-size-default\">Impregna\u00e7\u00e3o de postes e conserva\u00e7\u00e3o de madeira\n<\/h2>\t\t<\/div>\n\t\t\t\t<\/div>\n\t\t\t\t<div class=\"elementor-element elementor-element-74693ae elementor-widget-divider--view-line elementor-widget elementor-widget-divider\" data-id=\"74693ae\" data-element_type=\"widget\" data-widget_type=\"divider.default\">\n\t\t\t\t<div class=\"elementor-widget-container\">\n\t\t\t\t\t<div class=\"elementor-divider\">\n\t\t\t<span class=\"elementor-divider-separator\">\n\t\t\t\t\t\t<\/span>\n\t\t<\/div>\n\t\t\t\t<\/div>\n\t\t\t\t<\/div>\n\t\t\t\t<div class=\"elementor-element elementor-element-1cc712b elementor-widget elementor-widget-text-editor\" data-id=\"1cc712b\" data-element_type=\"widget\" data-widget_type=\"text-editor.default\">\n\t\t\t\t<div class=\"elementor-widget-container\">\n\t\t\t\t\t\t\t<p><span style=\"font-weight: 400;\">A mat\u00e9ria prima obt\u00e9m-se de montes pr\u00f3prios ou de terceiros, as madeiras que mais comumente trabalhamos em Argentina s\u00e3o Pinus elliotis e taeda (pinus) e Eucalyptus saligna e grandis (eucalipto). Pinus e Eucaliptus tem uma boa resposta a impregna\u00e7\u00e3o, semelhante a algumas esp\u00e9cies nativas ou implantadas como o Quebracho blanco e o \u00c1lamo. Outras variedades de pinus e eucalipto tratam-se de igual maneira que as mencionadas recentemente.<\/span><\/p><p><span style=\"font-weight: 400;\">Nas maiorias das esp\u00e9cies de \u00e1rvores, a zona imperme\u00e1vel 100% \u00e9 o alburno, enquanto o cerne n\u00e3o permite, pela sua estrutura, a penetra\u00e7\u00e3o do PRESERVANTE, ou permite apenas superficialmente.<\/span><\/p><p><span style=\"font-weight: 400;\">No caso do pinus, a idade que habitualmente \u00e9 cortado o cerne \u00e9 insignificante, podendo-se dizer que para efeitos pr\u00e1ticos se impregna totalmente. O eucalipto, em contrapartida, tem um cerne importante. Na Argentina o alburno de um poste de eucalipto rara vez supera uma polegada de profundidade, exceto no caso das estacas ou postes pequenos. Isso significa que no caso do eucalipto, apenas se impregnar\u00e1 100% o alburno, ficando o cerne impregnado s\u00f3 em sua parte exposta, seja nos extremos do poste, nos n\u00f3s, nas gretas e rachaduras, ou nas redondezas do alburno. No entanto, a experi\u00eancia demonstra que a impregna\u00e7\u00e3o do alburno \u00e9 suficiente para conferir longa dura\u00e7\u00e3o ao poste de eucalipto, j\u00e1 que ao cobrir este, o cerne resulta uma barreira eficaz contra a penetra\u00e7\u00e3o de agentes externos.<\/span><\/p><p><span style=\"font-weight: 400;\">A madeira \u00e9 transportada por via terrestre \u00e0 PLANTA IMPREGNADORA, onde classifica-se, segundo seu comprimento, espessura y controla-se a humidade existente na madeira.<\/span><\/p><p><span style=\"font-weight: 400;\">Logo a impregna\u00e7\u00e3o a v\u00e1cuo por press\u00e3o \u00e9 o m\u00e9todo mais eficaz para conservar madeiras de uso interior ou exterior e que devam ser colocadas em servi\u00e7os em contato com o solo ou com a \u00e1gua, expostas ao apodrecimento ou a serem atacadas por insetos como os Xil\u00f3fagos marinos.<\/span><\/p><p><span style=\"font-weight: 400;\">A pr\u00e1tica deste sistema de impregna\u00e7\u00e3o com PRESERVANTE obriga a utilizar instala\u00e7\u00f5es especiais previstas de autoclave ou cilindro de impregna\u00e7\u00e3o e de todos os acess\u00f3rios complement\u00e1rios necess\u00e1rios, tais como dep\u00f3sitos de armazenamentos, tanques de mistura, compressores, bombas hidr\u00e1ulicas e de v\u00e1cuo, man\u00f4metros, vacu\u00f4metros, term\u00f4metros, etc.<\/span><\/p>\t\t\t\t\t\t<\/div>\n\t\t\t\t<\/div>\n\t\t\t\t<div class=\"elementor-element elementor-element-7ea8b22 elementor-widget elementor-widget-heading\" data-id=\"7ea8b22\" data-element_type=\"widget\" data-widget_type=\"heading.default\">\n\t\t\t\t<div class=\"elementor-widget-container\">\n\t\t\t<h4 class=\"elementor-heading-title elementor-size-default\">IRAM:<\/h4>\t\t<\/div>\n\t\t\t\t<\/div>\n\t\t\t\t<div class=\"elementor-element elementor-element-53b4086 elementor-widget elementor-widget-text-editor\" data-id=\"53b4086\" data-element_type=\"widget\" data-widget_type=\"text-editor.default\">\n\t\t\t\t<div class=\"elementor-widget-container\">\n\t\t\t\t\t\t\t<p><span style=\"font-weight: 400;\">Cumpre-se com as especifica\u00e7\u00f5es de normas IRAM 9513-9531-9597 e ANSI 05.1 BRA-AWPA<\/span><\/p>\t\t\t\t\t\t<\/div>\n\t\t\t\t<\/div>\n\t\t\t\t\t<\/div>\n\t\t<\/div>\n\t\t\t\t\t\t\t<\/div>\n\t\t<\/section>\n\t\t\t\t\t\t\t<\/div>\n\t\t","protected":false},"excerpt":{"rendered":"<p>Impregna\u00e7\u00e3o de postes e conserva\u00e7\u00e3o de madeira A mat\u00e9ria prima obt\u00e9m-se de montes pr\u00f3prios ou de terceiros, as madeiras que mais comumente trabalhamos em Argentina s\u00e3o Pinus elliotis e taeda (pinus) e Eucalyptus saligna e grandis (eucalipto). Pinus e Eucaliptus tem uma boa resposta a impregna\u00e7\u00e3o, semelhante a algumas esp\u00e9cies nativas ou implantadas como o [&hellip;]<\/p>\n","protected":false},"author":1,"featured_media":0,"parent":0,"menu_order":0,"comment_status":"closed","ping_status":"closed","template":"elementor_header_footer","meta":[],"_links":{"self":[{"href":"https:\/\/dyncorpsa.com.ar\/index.php\/wp-json\/wp\/v2\/pages\/52"}],"collection":[{"href":"https:\/\/dyncorpsa.com.ar\/index.php\/wp-json\/wp\/v2\/pages"}],"about":[{"href":"https:\/\/dyncorpsa.com.ar\/index.php\/wp-json\/wp\/v2\/types\/page"}],"author":[{"embeddable":true,"href":"https:\/\/dyncorpsa.com.ar\/index.php\/wp-json\/wp\/v2\/users\/1"}],"replies":[{"embeddable":true,"href":"https:\/\/dyncorpsa.com.ar\/index.php\/wp-json\/wp\/v2\/comments?post=52"}],"version-history":[{"count":10,"href":"https:\/\/dyncorpsa.com.ar\/index.php\/wp-json\/wp\/v2\/pages\/52\/revisions"}],"predecessor-version":[{"id":421,"href":"https:\/\/dyncorpsa.com.ar\/index.php\/wp-json\/wp\/v2\/pages\/52\/revisions\/421"}],"wp:attachment":[{"href":"https:\/\/dyncorpsa.com.ar\/index.php\/wp-json\/wp\/v2\/media?parent=52"}],"curies":[{"name":"wp","href":"https:\/\/api.w.org\/{rel}","templated":true}]}}