{"id":374,"date":"2021-10-04T22:46:35","date_gmt":"2021-10-04T22:46:35","guid":{"rendered":"http:\/\/dyncorpsa.com.ar\/?page_id=374"},"modified":"2021-10-04T22:50:03","modified_gmt":"2021-10-04T22:50:03","slug":"responsabilidade-ambiental-e-seguranca","status":"publish","type":"page","link":"https:\/\/dyncorpsa.com.ar\/index.php\/pt\/responsabilidade-ambiental-e-seguranca\/","title":{"rendered":"Responsabilidade ambiental e seguran\u00e7a"},"content":{"rendered":"\t\t<div data-elementor-type=\"wp-page\" data-elementor-id=\"374\" class=\"elementor elementor-374\">\n\t\t\t\t\t\t\t\t\t<section class=\"elementor-section elementor-top-section elementor-element elementor-element-ac970f7 elementor-section-full_width elementor-section-height-min-height elementor-section-stretched elementor-section-height-default elementor-section-items-middle\" data-id=\"ac970f7\" data-element_type=\"section\" data-settings=\"{&quot;stretch_section&quot;:&quot;section-stretched&quot;,&quot;background_background&quot;:&quot;classic&quot;}\">\n\t\t\t\t\t\t<div class=\"elementor-container elementor-column-gap-default\">\n\t\t\t\t\t<div class=\"elementor-column elementor-col-100 elementor-top-column elementor-element elementor-element-4f330bf\" data-id=\"4f330bf\" data-element_type=\"column\">\n\t\t\t<div class=\"elementor-widget-wrap elementor-element-populated\">\n\t\t\t\t\t\t\t\t<div class=\"elementor-element elementor-element-c7764a4 elementor-widget elementor-widget-heading\" data-id=\"c7764a4\" data-element_type=\"widget\" data-widget_type=\"heading.default\">\n\t\t\t\t<div class=\"elementor-widget-container\">\n\t\t\t<h2 class=\"elementor-heading-title elementor-size-default\">Responsabilidade ambiental e seguran\u00e7a<\/h2>\t\t<\/div>\n\t\t\t\t<\/div>\n\t\t\t\t\t<\/div>\n\t\t<\/div>\n\t\t\t\t\t\t\t<\/div>\n\t\t<\/section>\n\t\t\t\t<section class=\"elementor-section elementor-top-section elementor-element elementor-element-09b8c09 elementor-section-boxed elementor-section-height-default elementor-section-height-default\" data-id=\"09b8c09\" data-element_type=\"section\">\n\t\t\t\t\t\t<div class=\"elementor-container elementor-column-gap-default\">\n\t\t\t\t\t<div class=\"elementor-column elementor-col-100 elementor-top-column elementor-element elementor-element-54ffb33\" data-id=\"54ffb33\" data-element_type=\"column\">\n\t\t\t<div class=\"elementor-widget-wrap elementor-element-populated\">\n\t\t\t\t\t\t\t\t<div class=\"elementor-element elementor-element-4887cd7 elementor-widget elementor-widget-text-editor\" data-id=\"4887cd7\" data-element_type=\"widget\" data-widget_type=\"text-editor.default\">\n\t\t\t\t<div class=\"elementor-widget-container\">\n\t\t\t\t\t\t\t<p><span style=\"font-weight: 400;\">Nossa planta de impregna\u00e7\u00e3o conta com um plano de monitoramento e controle ambiental, que se enquadra no escopo de nossa Auditoria Ambiental, realizando controles e apresentando ensaios correspondentes a an\u00e1lise de \u00e1gua e terra.<\/span><\/p><p><span style=\"font-weight: 400;\">Contamos com os certificados de radia\u00e7\u00e3o, funcionamento e aptid\u00e3o ambiental emitidos por &#8220;Direcci\u00f3n Gral. Desarrollo Ecolog\u00eda y control Ambiental&#8221; \u2013 Governo de Entre R\u00edos<\/span><span style=\"font-weight: 400;\">.<\/span><\/p><p><span style=\"font-weight: 400;\">Estamos comprometidos em realizar um aproveitamento florestal respons\u00e1vel, satisfazendo as necessidades mais exigentes do mercado, mas atentos em n\u00e3o comprometer o futuro de nossas florestas.<\/span><\/p>\t\t\t\t\t\t<\/div>\n\t\t\t\t<\/div>\n\t\t\t\t\t<\/div>\n\t\t<\/div>\n\t\t\t\t\t\t\t<\/div>\n\t\t<\/section>\n\t\t\t\t<section class=\"elementor-section elementor-top-section elementor-element elementor-element-51ac03a elementor-section-boxed elementor-section-height-default elementor-section-height-default\" data-id=\"51ac03a\" data-element_type=\"section\">\n\t\t\t\t\t\t<div class=\"elementor-container elementor-column-gap-default\">\n\t\t\t\t\t<div class=\"elementor-column elementor-col-100 elementor-top-column elementor-element elementor-element-ad3de18\" data-id=\"ad3de18\" data-element_type=\"column\">\n\t\t\t<div class=\"elementor-widget-wrap elementor-element-populated\">\n\t\t\t\t\t\t\t\t<div class=\"elementor-element elementor-element-0b07709 elementor-widget elementor-widget-heading\" data-id=\"0b07709\" data-element_type=\"widget\" data-widget_type=\"heading.default\">\n\t\t\t\t<div class=\"elementor-widget-container\">\n\t\t\t<h2 class=\"elementor-heading-title elementor-size-default\">Imagens da planta:\n<\/h2>\t\t<\/div>\n\t\t\t\t<\/div>\n\t\t\t\t<div class=\"elementor-element elementor-element-a09c24b elementor-widget elementor-widget-gallery\" data-id=\"a09c24b\" data-element_type=\"widget\" data-settings=\"{&quot;gallery_layout&quot;:&quot;masonry&quot;,&quot;columns&quot;:3,&quot;lazyload&quot;:&quot;yes&quot;,&quot;columns_tablet&quot;:2,&quot;columns_mobile&quot;:1,&quot;gap&quot;:{&quot;unit&quot;:&quot;px&quot;,&quot;size&quot;:10,&quot;sizes&quot;:[]},&quot;gap_tablet&quot;:{&quot;unit&quot;:&quot;px&quot;,&quot;size&quot;:10,&quot;sizes&quot;:[]},&quot;gap_mobile&quot;:{&quot;unit&quot;:&quot;px&quot;,&quot;size&quot;:10,&quot;sizes&quot;:[]},&quot;link_to&quot;:&quot;file&quot;,&quot;overlay_background&quot;:&quot;yes&quot;,&quot;content_hover_animation&quot;:&quot;fade-in&quot;}\" data-widget_type=\"gallery.default\">\n\t\t\t\t<div class=\"elementor-widget-container\">\n\t\t\t\t\t<div class=\"elementor-gallery__container\">\n\t\t\t\t\t\t\t<a class=\"e-gallery-item elementor-gallery-item elementor-animated-content\" href=\"https:\/\/dyncorpsa.com.ar\/wp-content\/uploads\/2021\/09\/IMG-20210901-WA0009.jpg\" data-elementor-open-lightbox=\"yes\" data-elementor-lightbox-slideshow=\"all-a09c24b\" data-elementor-lightbox-title=\"IMG-20210901-WA0009\" data-e-action-hash=\"#elementor-action%3Aaction%3Dlightbox%26settings%3DeyJpZCI6MTE0LCJ1cmwiOiJodHRwczpcL1wvZHluY29ycHNhLmNvbS5hclwvd3AtY29udGVudFwvdXBsb2Fkc1wvMjAyMVwvMDlcL0lNRy0yMDIxMDkwMS1XQTAwMDkuanBnIiwic2xpZGVzaG93IjoiYWxsLWEwOWMyNGIifQ%3D%3D\">\n\t\t\t\t\t<div class=\"e-gallery-image elementor-gallery-item__image\" data-thumbnail=\"https:\/\/dyncorpsa.com.ar\/wp-content\/uploads\/2021\/09\/IMG-20210901-WA0009-300x169.jpg\" data-width=\"300\" data-height=\"169\" alt=\"\" ><\/div>\n\t\t\t\t\t\t\t\t\t\t<div class=\"elementor-gallery-item__overlay\"><\/div>\n\t\t\t\t\t\t\t\t\t\t\t\t\t\t<\/a>\n\t\t\t\t\t\t\t<a class=\"e-gallery-item elementor-gallery-item elementor-animated-content\" href=\"https:\/\/dyncorpsa.com.ar\/wp-content\/uploads\/2021\/09\/1b45b336-e5a5-49ea-a76d-dea9c52c7f6d.jpg\" data-elementor-open-lightbox=\"yes\" data-elementor-lightbox-slideshow=\"all-a09c24b\" data-elementor-lightbox-title=\"1b45b336-e5a5-49ea-a76d-dea9c52c7f6d\" data-e-action-hash=\"#elementor-action%3Aaction%3Dlightbox%26settings%3DeyJpZCI6MTE1LCJ1cmwiOiJodHRwczpcL1wvZHluY29ycHNhLmNvbS5hclwvd3AtY29udGVudFwvdXBsb2Fkc1wvMjAyMVwvMDlcLzFiNDViMzM2LWU1YTUtNDllYS1hNzZkLWRlYTljNTJjN2Y2ZC5qcGciLCJzbGlkZXNob3ciOiJhbGwtYTA5YzI0YiJ9\">\n\t\t\t\t\t<div class=\"e-gallery-image elementor-gallery-item__image\" data-thumbnail=\"https:\/\/dyncorpsa.com.ar\/wp-content\/uploads\/2021\/09\/1b45b336-e5a5-49ea-a76d-dea9c52c7f6d-300x225.jpg\" data-width=\"300\" data-height=\"225\" alt=\"\" ><\/div>\n\t\t\t\t\t\t\t\t\t\t<div class=\"elementor-gallery-item__overlay\"><\/div>\n\t\t\t\t\t\t\t\t\t\t\t\t\t\t<\/a>\n\t\t\t\t\t\t\t<a class=\"e-gallery-item elementor-gallery-item elementor-animated-content\" href=\"https:\/\/dyncorpsa.com.ar\/wp-content\/uploads\/2021\/09\/25bc6ba4-11ec-4d54-885b-1733a930c09a.jpg\" data-elementor-open-lightbox=\"yes\" data-elementor-lightbox-slideshow=\"all-a09c24b\" data-elementor-lightbox-title=\"25bc6ba4-11ec-4d54-885b-1733a930c09a\" data-e-action-hash=\"#elementor-action%3Aaction%3Dlightbox%26settings%3DeyJpZCI6MTE2LCJ1cmwiOiJodHRwczpcL1wvZHluY29ycHNhLmNvbS5hclwvd3AtY29udGVudFwvdXBsb2Fkc1wvMjAyMVwvMDlcLzI1YmM2YmE0LTExZWMtNGQ1NC04ODViLTE3MzNhOTMwYzA5YS5qcGciLCJzbGlkZXNob3ciOiJhbGwtYTA5YzI0YiJ9\">\n\t\t\t\t\t<div class=\"e-gallery-image elementor-gallery-item__image\" data-thumbnail=\"https:\/\/dyncorpsa.com.ar\/wp-content\/uploads\/2021\/09\/25bc6ba4-11ec-4d54-885b-1733a930c09a-300x225.jpg\" data-width=\"300\" data-height=\"225\" alt=\"\" ><\/div>\n\t\t\t\t\t\t\t\t\t\t<div class=\"elementor-gallery-item__overlay\"><\/div>\n\t\t\t\t\t\t\t\t\t\t\t\t\t\t<\/a>\n\t\t\t\t\t\t\t<a class=\"e-gallery-item elementor-gallery-item elementor-animated-content\" href=\"https:\/\/dyncorpsa.com.ar\/wp-content\/uploads\/2021\/09\/e3e59807-b402-4ff1-a3fb-3b4acddacf0f.jpg\" data-elementor-open-lightbox=\"yes\" data-elementor-lightbox-slideshow=\"all-a09c24b\" data-elementor-lightbox-title=\"e3e59807-b402-4ff1-a3fb-3b4acddacf0f\" data-e-action-hash=\"#elementor-action%3Aaction%3Dlightbox%26settings%3DeyJpZCI6MTE3LCJ1cmwiOiJodHRwczpcL1wvZHluY29ycHNhLmNvbS5hclwvd3AtY29udGVudFwvdXBsb2Fkc1wvMjAyMVwvMDlcL2UzZTU5ODA3LWI0MDItNGZmMS1hM2ZiLTNiNGFjZGRhY2YwZi5qcGciLCJzbGlkZXNob3ciOiJhbGwtYTA5YzI0YiJ9\">\n\t\t\t\t\t<div class=\"e-gallery-image elementor-gallery-item__image\" data-thumbnail=\"https:\/\/dyncorpsa.com.ar\/wp-content\/uploads\/2021\/09\/e3e59807-b402-4ff1-a3fb-3b4acddacf0f-300x225.jpg\" data-width=\"300\" data-height=\"225\" alt=\"\" ><\/div>\n\t\t\t\t\t\t\t\t\t\t<div class=\"elementor-gallery-item__overlay\"><\/div>\n\t\t\t\t\t\t\t\t\t\t\t\t\t\t<\/a>\n\t\t\t\t\t\t\t<a class=\"e-gallery-item elementor-gallery-item elementor-animated-content\" href=\"https:\/\/dyncorpsa.com.ar\/wp-content\/uploads\/2021\/09\/IMG-20210901-WA0007.jpg\" data-elementor-open-lightbox=\"yes\" data-elementor-lightbox-slideshow=\"all-a09c24b\" data-elementor-lightbox-title=\"IMG-20210901-WA0007\" data-e-action-hash=\"#elementor-action%3Aaction%3Dlightbox%26settings%3DeyJpZCI6MTE4LCJ1cmwiOiJodHRwczpcL1wvZHluY29ycHNhLmNvbS5hclwvd3AtY29udGVudFwvdXBsb2Fkc1wvMjAyMVwvMDlcL0lNRy0yMDIxMDkwMS1XQTAwMDcuanBnIiwic2xpZGVzaG93IjoiYWxsLWEwOWMyNGIifQ%3D%3D\">\n\t\t\t\t\t<div class=\"e-gallery-image elementor-gallery-item__image\" data-thumbnail=\"https:\/\/dyncorpsa.com.ar\/wp-content\/uploads\/2021\/09\/IMG-20210901-WA0007-300x169.jpg\" data-width=\"300\" data-height=\"169\" alt=\"\" ><\/div>\n\t\t\t\t\t\t\t\t\t\t<div class=\"elementor-gallery-item__overlay\"><\/div>\n\t\t\t\t\t\t\t\t\t\t\t\t\t\t<\/a>\n\t\t\t\t\t\t\t<a class=\"e-gallery-item elementor-gallery-item elementor-animated-content\" href=\"https:\/\/dyncorpsa.com.ar\/wp-content\/uploads\/2021\/09\/IMG-20210901-WA0008.jpg\" data-elementor-open-lightbox=\"yes\" data-elementor-lightbox-slideshow=\"all-a09c24b\" data-elementor-lightbox-title=\"IMG-20210901-WA0008\" data-e-action-hash=\"#elementor-action%3Aaction%3Dlightbox%26settings%3DeyJpZCI6MTE5LCJ1cmwiOiJodHRwczpcL1wvZHluY29ycHNhLmNvbS5hclwvd3AtY29udGVudFwvdXBsb2Fkc1wvMjAyMVwvMDlcL0lNRy0yMDIxMDkwMS1XQTAwMDguanBnIiwic2xpZGVzaG93IjoiYWxsLWEwOWMyNGIifQ%3D%3D\">\n\t\t\t\t\t<div class=\"e-gallery-image elementor-gallery-item__image\" data-thumbnail=\"https:\/\/dyncorpsa.com.ar\/wp-content\/uploads\/2021\/09\/IMG-20210901-WA0008-300x169.jpg\" data-width=\"300\" data-height=\"169\" alt=\"\" ><\/div>\n\t\t\t\t\t\t\t\t\t\t<div class=\"elementor-gallery-item__overlay\"><\/div>\n\t\t\t\t\t\t\t\t\t\t\t\t\t\t<\/a>\n\t\t\t\t\t\t\t<a class=\"e-gallery-item elementor-gallery-item elementor-animated-content\" href=\"https:\/\/dyncorpsa.com.ar\/wp-content\/uploads\/2021\/09\/Foto-Dyncorp-Postes-Export..jpg\" data-elementor-open-lightbox=\"yes\" data-elementor-lightbox-slideshow=\"all-a09c24b\" data-elementor-lightbox-title=\"OLYMPUS DIGITAL CAMERA\" data-e-action-hash=\"#elementor-action%3Aaction%3Dlightbox%26settings%3DeyJpZCI6MjQwLCJ1cmwiOiJodHRwczpcL1wvZHluY29ycHNhLmNvbS5hclwvd3AtY29udGVudFwvdXBsb2Fkc1wvMjAyMVwvMDlcL0ZvdG8tRHluY29ycC1Qb3N0ZXMtRXhwb3J0Li5qcGciLCJzbGlkZXNob3ciOiJhbGwtYTA5YzI0YiJ9\">\n\t\t\t\t\t<div class=\"e-gallery-image elementor-gallery-item__image\" data-thumbnail=\"https:\/\/dyncorpsa.com.ar\/wp-content\/uploads\/2021\/09\/Foto-Dyncorp-Postes-Export.-300x225.jpg\" data-width=\"300\" data-height=\"225\" alt=\"\" ><\/div>\n\t\t\t\t\t\t\t\t\t\t<div class=\"elementor-gallery-item__overlay\"><\/div>\n\t\t\t\t\t\t\t\t\t\t\t\t\t\t<\/a>\n\t\t\t\t\t\t\t<a class=\"e-gallery-item elementor-gallery-item elementor-animated-content\" href=\"https:\/\/dyncorpsa.com.ar\/wp-content\/uploads\/2021\/09\/Imagen-079.jpg\" data-elementor-open-lightbox=\"yes\" data-elementor-lightbox-slideshow=\"all-a09c24b\" data-elementor-lightbox-title=\"Imagen 079\" data-e-action-hash=\"#elementor-action%3Aaction%3Dlightbox%26settings%3DeyJpZCI6MjQ4LCJ1cmwiOiJodHRwczpcL1wvZHluY29ycHNhLmNvbS5hclwvd3AtY29udGVudFwvdXBsb2Fkc1wvMjAyMVwvMDlcL0ltYWdlbi0wNzkuanBnIiwic2xpZGVzaG93IjoiYWxsLWEwOWMyNGIifQ%3D%3D\">\n\t\t\t\t\t<div class=\"e-gallery-image elementor-gallery-item__image\" data-thumbnail=\"https:\/\/dyncorpsa.com.ar\/wp-content\/uploads\/2021\/09\/Imagen-079-300x225.jpg\" data-width=\"300\" data-height=\"225\" alt=\"\" ><\/div>\n\t\t\t\t\t\t\t\t\t\t<div class=\"elementor-gallery-item__overlay\"><\/div>\n\t\t\t\t\t\t\t\t\t\t\t\t\t\t<\/a>\n\t\t\t\t\t\t\t<a class=\"e-gallery-item elementor-gallery-item elementor-animated-content\" href=\"https:\/\/dyncorpsa.com.ar\/wp-content\/uploads\/2021\/09\/Imagen-081.jpg\" data-elementor-open-lightbox=\"yes\" data-elementor-lightbox-slideshow=\"all-a09c24b\" data-elementor-lightbox-title=\"Imagen 081\" data-e-action-hash=\"#elementor-action%3Aaction%3Dlightbox%26settings%3DeyJpZCI6MjQ5LCJ1cmwiOiJodHRwczpcL1wvZHluY29ycHNhLmNvbS5hclwvd3AtY29udGVudFwvdXBsb2Fkc1wvMjAyMVwvMDlcL0ltYWdlbi0wODEuanBnIiwic2xpZGVzaG93IjoiYWxsLWEwOWMyNGIifQ%3D%3D\">\n\t\t\t\t\t<div class=\"e-gallery-image elementor-gallery-item__image\" data-thumbnail=\"https:\/\/dyncorpsa.com.ar\/wp-content\/uploads\/2021\/09\/Imagen-081-300x225.jpg\" data-width=\"300\" data-height=\"225\" alt=\"\" ><\/div>\n\t\t\t\t\t\t\t\t\t\t<div class=\"elementor-gallery-item__overlay\"><\/div>\n\t\t\t\t\t\t\t\t\t\t\t\t\t\t<\/a>\n\t\t\t\t\t<\/div>\n\t\t\t<\/div>\n\t\t\t\t<\/div>\n\t\t\t\t\t<\/div>\n\t\t<\/div>\n\t\t\t\t\t\t\t<\/div>\n\t\t<\/section>\n\t\t\t\t\t\t\t<\/div>\n\t\t","protected":false},"excerpt":{"rendered":"<p>Responsabilidade ambiental e seguran\u00e7a Nossa planta de impregna\u00e7\u00e3o conta com um plano de monitoramento e controle ambiental, que se enquadra no escopo de nossa Auditoria Ambiental, realizando controles e apresentando ensaios correspondentes a an\u00e1lise de \u00e1gua e terra. Contamos com os certificados de radia\u00e7\u00e3o, funcionamento e aptid\u00e3o ambiental emitidos por &#8220;Direcci\u00f3n Gral. Desarrollo Ecolog\u00eda y [&hellip;]<\/p>\n","protected":false},"author":1,"featured_media":0,"parent":0,"menu_order":0,"comment_status":"closed","ping_status":"closed","template":"elementor_header_footer","meta":[],"_links":{"self":[{"href":"https:\/\/dyncorpsa.com.ar\/index.php\/wp-json\/wp\/v2\/pages\/374"}],"collection":[{"href":"https:\/\/dyncorpsa.com.ar\/index.php\/wp-json\/wp\/v2\/pages"}],"about":[{"href":"https:\/\/dyncorpsa.com.ar\/index.php\/wp-json\/wp\/v2\/types\/page"}],"author":[{"embeddable":true,"href":"https:\/\/dyncorpsa.com.ar\/index.php\/wp-json\/wp\/v2\/users\/1"}],"replies":[{"embeddable":true,"href":"https:\/\/dyncorpsa.com.ar\/index.php\/wp-json\/wp\/v2\/comments?post=374"}],"version-history":[{"count":4,"href":"https:\/\/dyncorpsa.com.ar\/index.php\/wp-json\/wp\/v2\/pages\/374\/revisions"}],"predecessor-version":[{"id":379,"href":"https:\/\/dyncorpsa.com.ar\/index.php\/wp-json\/wp\/v2\/pages\/374\/revisions\/379"}],"wp:attachment":[{"href":"https:\/\/dyncorpsa.com.ar\/index.php\/wp-json\/wp\/v2\/media?parent=374"}],"curies":[{"name":"wp","href":"https:\/\/api.w.org\/{rel}","templated":true}]}}