{"id":367,"date":"2021-10-04T22:38:14","date_gmt":"2021-10-04T22:38:14","guid":{"rendered":"http:\/\/dyncorpsa.com.ar\/?page_id=367"},"modified":"2021-10-04T22:38:21","modified_gmt":"2021-10-04T22:38:21","slug":"qualidade","status":"publish","type":"page","link":"https:\/\/dyncorpsa.com.ar\/index.php\/pt\/qualidade\/","title":{"rendered":"Qualidade"},"content":{"rendered":"\t\t<div data-elementor-type=\"wp-page\" data-elementor-id=\"367\" class=\"elementor elementor-367\">\n\t\t\t\t\t\t\t\t\t<section class=\"elementor-section elementor-top-section elementor-element elementor-element-a3d92da elementor-section-full_width elementor-section-height-min-height elementor-section-stretched elementor-section-height-default elementor-section-items-middle\" data-id=\"a3d92da\" data-element_type=\"section\" data-settings=\"{&quot;stretch_section&quot;:&quot;section-stretched&quot;,&quot;background_background&quot;:&quot;classic&quot;}\">\n\t\t\t\t\t\t<div class=\"elementor-container elementor-column-gap-default\">\n\t\t\t\t\t<div class=\"elementor-column elementor-col-100 elementor-top-column elementor-element elementor-element-1f0bbfd\" data-id=\"1f0bbfd\" data-element_type=\"column\">\n\t\t\t<div class=\"elementor-widget-wrap elementor-element-populated\">\n\t\t\t\t\t\t\t\t<div class=\"elementor-element elementor-element-406749f elementor-widget elementor-widget-heading\" data-id=\"406749f\" data-element_type=\"widget\" data-widget_type=\"heading.default\">\n\t\t\t\t<div class=\"elementor-widget-container\">\n\t\t\t<h2 class=\"elementor-heading-title elementor-size-default\">Controle de qualidade\n<\/h2>\t\t<\/div>\n\t\t\t\t<\/div>\n\t\t\t\t\t<\/div>\n\t\t<\/div>\n\t\t\t\t\t\t\t<\/div>\n\t\t<\/section>\n\t\t\t\t<section class=\"elementor-section elementor-top-section elementor-element elementor-element-075636b elementor-section-boxed elementor-section-height-default elementor-section-height-default\" data-id=\"075636b\" data-element_type=\"section\">\n\t\t\t\t\t\t<div class=\"elementor-container elementor-column-gap-default\">\n\t\t\t\t\t<div class=\"elementor-column elementor-col-100 elementor-top-column elementor-element elementor-element-23d6c4c\" data-id=\"23d6c4c\" data-element_type=\"column\">\n\t\t\t<div class=\"elementor-widget-wrap elementor-element-populated\">\n\t\t\t\t\t\t\t\t<div class=\"elementor-element elementor-element-abfe329 elementor-widget elementor-widget-text-editor\" data-id=\"abfe329\" data-element_type=\"widget\" data-widget_type=\"text-editor.default\">\n\t\t\t\t<div class=\"elementor-widget-container\">\n\t\t\t\t\t\t\t<p><span style=\"font-weight: 400;\">Realizamos um controle de qualidade do processo de produ\u00e7\u00e3o nas seguintes etapas:<\/span><\/p>\t\t\t\t\t\t<\/div>\n\t\t\t\t<\/div>\n\t\t\t\t<div class=\"elementor-element elementor-element-c14903c elementor-widget elementor-widget-text-editor\" data-id=\"c14903c\" data-element_type=\"widget\" data-widget_type=\"text-editor.default\">\n\t\t\t\t<div class=\"elementor-widget-container\">\n\t\t\t\t\t\t\t<p><b>Antes da preserva\u00e7\u00e3o:\u00a0<br \/><\/b><span style=\"font-weight: 400;\">sele\u00e7\u00e3o de \u00e1rvores, controle de humidade e dimensionamento.<\/span><\/p><p><b>Durante: <br \/><\/b><span style=\"font-weight: 400;\">Acabamentos e preserva\u00e7\u00e3o da madeira de acordo as especifica\u00e7\u00f5es t\u00e9cnicas.<\/span><\/p><p><strong>Depois:<br \/><\/strong><b><\/b><span style=\"font-weight: 400;\">controle de reten\u00e7\u00e3o e penetra\u00e7\u00e3o em concord\u00e2ncia com as normas vigentes. A reten\u00e7\u00e3o obt\u00eam-se mediante um EQUIPO ESPECTROMETRO DE RAYOS X.<\/span><\/p><p><span style=\"font-weight: 400;\">TefQuim AS prov\u00ea o PRESERVANTE Tanner- Wood CCAc, ademais verifica e controla o tratamento da madeira.<\/span><\/p><p><span style=\"font-weight: 400;\">Para controle de qualidade de PRESERVANTE e madeira tratada utiliza-se o EQUIPO \u201cSPECTRO PHOENIX\u201d<\/span><\/p><p><strong>Especifica\u00e7\u00f5es t\u00e9cnicas:<\/strong><\/p><p><span style=\"font-weight: 400;\">Para CCA garantia-se: <\/span><\/p><ul><li><span style=\"font-weight: 400;\">Reten\u00e7\u00e3o total media kg.\/m3 10.8 <\/span><\/li><li><span style=\"font-weight: 400;\">Conte\u00fado m\u00e1ximo de umidade 30% <\/span><\/li><li><span style=\"font-weight: 400;\">Penetra\u00e7\u00e3o no alburno 100%<\/span><\/li><li><span style=\"font-weight: 400;\">Balance de sais:\u00a0<\/span><\/li><\/ul>\t\t\t\t\t\t<\/div>\n\t\t\t\t<\/div>\n\t\t\t\t<div class=\"elementor-element elementor-element-e1a34e2 elementor-widget elementor-widget-shortcode\" data-id=\"e1a34e2\" data-element_type=\"widget\" data-widget_type=\"shortcode.default\">\n\t\t\t\t<div class=\"elementor-widget-container\">\n\t\t\t\t\t<div class=\"elementor-shortcode\">\n<table id=\"tablepress-7\" class=\"tablepress tablepress-id-7\">\n<thead>\n<tr class=\"row-1 odd\">\n\t<th class=\"column-1\"><\/th><th class=\"column-2\">Cont. Min. %<\/th><th class=\"column-3\">Con. M\u00e1x %<\/th>\n<\/tr>\n<\/thead>\n<tbody class=\"row-hover\">\n<tr class=\"row-2 even\">\n\t<td class=\"column-1\">Cromo<\/td><td class=\"column-2\">44.5<\/td><td class=\"column-3\">50.5<\/td>\n<\/tr>\n<tr class=\"row-3 odd\">\n\t<td class=\"column-1\">Cobre<\/td><td class=\"column-2\">17.0<\/td><td class=\"column-3\">21<\/td>\n<\/tr>\n<tr class=\"row-4 even\">\n\t<td class=\"column-1\">Ars\u00eanico<\/td><td class=\"column-2\">30.0<\/td><td class=\"column-3\">38.0<\/td>\n<\/tr>\n<\/tbody>\n<\/table>\n<\/div>\n\t\t\t\t<\/div>\n\t\t\t\t<\/div>\n\t\t\t\t<div class=\"elementor-element elementor-element-9f9f03e elementor-widget elementor-widget-text-editor\" data-id=\"9f9f03e\" data-element_type=\"widget\" data-widget_type=\"text-editor.default\">\n\t\t\t\t<div class=\"elementor-widget-container\">\n\t\t\t\t\t\t\t<p><strong><i>Nossa empresa trabalha com as seguintes normas: <\/i><\/strong><span style=\"color: var( --e-global-color-text ); font-family: var( --e-global-typography-text-font-family ), Sans-serif; font-size: 1rem;\">IRAM 9513-9531-9597 ANSI 05.1 BRA-AWPA.\u00a0<\/span><\/p>\t\t\t\t\t\t<\/div>\n\t\t\t\t<\/div>\n\t\t\t\t\t<\/div>\n\t\t<\/div>\n\t\t\t\t\t\t\t<\/div>\n\t\t<\/section>\n\t\t\t\t\t\t\t<\/div>\n\t\t","protected":false},"excerpt":{"rendered":"<p>Controle de qualidade Realizamos um controle de qualidade do processo de produ\u00e7\u00e3o nas seguintes etapas: Antes da preserva\u00e7\u00e3o:\u00a0sele\u00e7\u00e3o de \u00e1rvores, controle de humidade e dimensionamento. Durante: Acabamentos e preserva\u00e7\u00e3o da madeira de acordo as especifica\u00e7\u00f5es t\u00e9cnicas. Depois:controle de reten\u00e7\u00e3o e penetra\u00e7\u00e3o em concord\u00e2ncia com as normas vigentes. A reten\u00e7\u00e3o obt\u00eam-se mediante um EQUIPO ESPECTROMETRO DE [&hellip;]<\/p>\n","protected":false},"author":1,"featured_media":0,"parent":0,"menu_order":0,"comment_status":"closed","ping_status":"closed","template":"elementor_header_footer","meta":[],"_links":{"self":[{"href":"https:\/\/dyncorpsa.com.ar\/index.php\/wp-json\/wp\/v2\/pages\/367"}],"collection":[{"href":"https:\/\/dyncorpsa.com.ar\/index.php\/wp-json\/wp\/v2\/pages"}],"about":[{"href":"https:\/\/dyncorpsa.com.ar\/index.php\/wp-json\/wp\/v2\/types\/page"}],"author":[{"embeddable":true,"href":"https:\/\/dyncorpsa.com.ar\/index.php\/wp-json\/wp\/v2\/users\/1"}],"replies":[{"embeddable":true,"href":"https:\/\/dyncorpsa.com.ar\/index.php\/wp-json\/wp\/v2\/comments?post=367"}],"version-history":[{"count":4,"href":"https:\/\/dyncorpsa.com.ar\/index.php\/wp-json\/wp\/v2\/pages\/367\/revisions"}],"predecessor-version":[{"id":373,"href":"https:\/\/dyncorpsa.com.ar\/index.php\/wp-json\/wp\/v2\/pages\/367\/revisions\/373"}],"wp:attachment":[{"href":"https:\/\/dyncorpsa.com.ar\/index.php\/wp-json\/wp\/v2\/media?parent=367"}],"curies":[{"name":"wp","href":"https:\/\/api.w.org\/{rel}","templated":true}]}}