{"id":32,"date":"2021-05-31T18:41:36","date_gmt":"2021-05-31T18:41:36","guid":{"rendered":"https:\/\/dyncorpsa.com.ar\/?page_id=32"},"modified":"2021-09-01T23:55:51","modified_gmt":"2021-09-01T23:55:51","slug":"calidad","status":"publish","type":"page","link":"https:\/\/dyncorpsa.com.ar\/index.php\/calidad\/","title":{"rendered":"Calidad"},"content":{"rendered":"\t\t<div data-elementor-type=\"wp-page\" data-elementor-id=\"32\" class=\"elementor elementor-32\">\n\t\t\t\t\t\t\t\t\t<section class=\"elementor-section elementor-top-section elementor-element elementor-element-a3d92da elementor-section-full_width elementor-section-height-min-height elementor-section-stretched elementor-section-height-default elementor-section-items-middle\" data-id=\"a3d92da\" data-element_type=\"section\" data-settings=\"{&quot;stretch_section&quot;:&quot;section-stretched&quot;,&quot;background_background&quot;:&quot;classic&quot;}\">\n\t\t\t\t\t\t<div class=\"elementor-container elementor-column-gap-default\">\n\t\t\t\t\t<div class=\"elementor-column elementor-col-100 elementor-top-column elementor-element elementor-element-1f0bbfd\" data-id=\"1f0bbfd\" data-element_type=\"column\">\n\t\t\t<div class=\"elementor-widget-wrap elementor-element-populated\">\n\t\t\t\t\t\t\t\t<div class=\"elementor-element elementor-element-406749f elementor-widget elementor-widget-heading\" data-id=\"406749f\" data-element_type=\"widget\" data-widget_type=\"heading.default\">\n\t\t\t\t<div class=\"elementor-widget-container\">\n\t\t\t<h2 class=\"elementor-heading-title elementor-size-default\">Control de calidad<\/h2>\t\t<\/div>\n\t\t\t\t<\/div>\n\t\t\t\t\t<\/div>\n\t\t<\/div>\n\t\t\t\t\t\t\t<\/div>\n\t\t<\/section>\n\t\t\t\t<section class=\"elementor-section elementor-top-section elementor-element elementor-element-075636b elementor-section-boxed elementor-section-height-default elementor-section-height-default\" data-id=\"075636b\" data-element_type=\"section\">\n\t\t\t\t\t\t<div class=\"elementor-container elementor-column-gap-default\">\n\t\t\t\t\t<div class=\"elementor-column elementor-col-100 elementor-top-column elementor-element elementor-element-23d6c4c\" data-id=\"23d6c4c\" data-element_type=\"column\">\n\t\t\t<div class=\"elementor-widget-wrap elementor-element-populated\">\n\t\t\t\t\t\t\t\t<div class=\"elementor-element elementor-element-abfe329 elementor-widget elementor-widget-text-editor\" data-id=\"abfe329\" data-element_type=\"widget\" data-widget_type=\"text-editor.default\">\n\t\t\t\t<div class=\"elementor-widget-container\">\n\t\t\t\t\t\t\t<p><span style=\"font-weight: 400;\">Realizamos un control de calidad del proceso de producci\u00f3n en las siguientes etapas:\u00a0<\/span><\/p>\t\t\t\t\t\t<\/div>\n\t\t\t\t<\/div>\n\t\t\t\t<div class=\"elementor-element elementor-element-c14903c elementor-widget elementor-widget-text-editor\" data-id=\"c14903c\" data-element_type=\"widget\" data-widget_type=\"text-editor.default\">\n\t\t\t\t<div class=\"elementor-widget-container\">\n\t\t\t\t\t\t\t<p><b>Antes del preservado:\u00a0<br \/><\/b><span style=\"font-weight: 400;\">Selecci\u00f3n de \u00e1rboles, control de humedad y dimensionamiento.\u00a0<\/span><\/p><p><b>Durante:\u00a0<br \/><\/b><span style=\"font-weight: 400;\">Acabados y preservaci\u00f3n de la madera de acuerdo a las especificaciones t\u00e9cnicas.\u00a0<\/span><\/p><p><b>Despu\u00e9s:\u00a0<br \/><\/b><span style=\"font-weight: 400;\">Control de retenci\u00f3n y penetraci\u00f3n en concordancia con las normas vigentes. La retenci\u00f3n se obtiene mediante un equipo Espectr\u00f3metro de Rayos X.\u00a0<br \/><\/span><span style=\"color: var( --e-global-color-text ); font-family: var( --e-global-typography-text-font-family ), Sans-serif; font-size: 1rem;\">TefQuim SA Provee el preservante Tanner-Wood CCAc, adem\u00e1s verifica y controla el tratamiento de la Madera.\u00a0<br \/><\/span><span style=\"color: var( --e-global-color-text ); font-family: var( --e-global-typography-text-font-family ), Sans-serif; font-size: 1rem;\">Para control de Calidad de preservante y madera Tratada se utiliza el equipo \u201cSPECTRO PHOENIX\u201d.\u00a0<\/span><\/p><p><b>Especificaciones t\u00e9cnicas:\u00a0<\/b><\/p><p><span style=\"font-weight: 400;\">Para CCA se garantiza:\u00a0<\/span><\/p><ul><li><span style=\"font-weight: 400;\">Retenci\u00f3n total media kg. \/m3 10.8\u00a0<\/span><\/li><li><span style=\"font-weight: 400;\">Contenido m\u00e1ximo de humedad 30%\u00a0<\/span><\/li><li><span style=\"font-weight: 400;\">Penetraci\u00f3n en la albura 100%\u00a0<\/span><\/li><li><span style=\"font-weight: 400;\">Balance de sales:\u00a0<\/span><\/li><\/ul>\t\t\t\t\t\t<\/div>\n\t\t\t\t<\/div>\n\t\t\t\t<div class=\"elementor-element elementor-element-e1a34e2 elementor-widget elementor-widget-shortcode\" data-id=\"e1a34e2\" data-element_type=\"widget\" data-widget_type=\"shortcode.default\">\n\t\t\t\t<div class=\"elementor-widget-container\">\n\t\t\t\t\t<div class=\"elementor-shortcode\">\n<table id=\"tablepress-3\" class=\"tablepress tablepress-id-3\">\n<thead>\n<tr class=\"row-1 odd\">\n\t<th class=\"column-1\"><\/th><th class=\"column-2\">Cont. Min. %<\/th><th class=\"column-3\">Con. M\u00e1x %<\/th>\n<\/tr>\n<\/thead>\n<tbody class=\"row-hover\">\n<tr class=\"row-2 even\">\n\t<td class=\"column-1\">Cromo<\/td><td class=\"column-2\">44.5<\/td><td class=\"column-3\">50.5<\/td>\n<\/tr>\n<tr class=\"row-3 odd\">\n\t<td class=\"column-1\">Cobre<\/td><td class=\"column-2\">17.0<\/td><td class=\"column-3\">21<\/td>\n<\/tr>\n<tr class=\"row-4 even\">\n\t<td class=\"column-1\">Ars\u00e9nico<\/td><td class=\"column-2\">30.0<\/td><td class=\"column-3\">38.0<\/td>\n<\/tr>\n<\/tbody>\n<\/table>\n<\/div>\n\t\t\t\t<\/div>\n\t\t\t\t<\/div>\n\t\t\t\t<div class=\"elementor-element elementor-element-9f9f03e elementor-widget elementor-widget-text-editor\" data-id=\"9f9f03e\" data-element_type=\"widget\" data-widget_type=\"text-editor.default\">\n\t\t\t\t<div class=\"elementor-widget-container\">\n\t\t\t\t\t\t\t<p><i><b>Nuestra empresa trabaja con las siguientes Normas:&nbsp;<\/b><\/i><span style=\"color: var( --e-global-color-text ); font-family: var( --e-global-typography-text-font-family ), Sans-serif; font-size: 1rem;\">IRAM 9513-9531-9597 ANSI 05.1 BRA-AWPA.&nbsp;<\/span><\/p>\t\t\t\t\t\t<\/div>\n\t\t\t\t<\/div>\n\t\t\t\t\t<\/div>\n\t\t<\/div>\n\t\t\t\t\t\t\t<\/div>\n\t\t<\/section>\n\t\t\t\t\t\t\t<\/div>\n\t\t","protected":false},"excerpt":{"rendered":"<p>Control de calidad Realizamos un control de calidad del proceso de producci\u00f3n en las siguientes etapas:\u00a0 Antes del preservado:\u00a0Selecci\u00f3n de \u00e1rboles, control de humedad y dimensionamiento.\u00a0 Durante:\u00a0Acabados y preservaci\u00f3n de la madera de acuerdo a las especificaciones t\u00e9cnicas.\u00a0 Despu\u00e9s:\u00a0Control de retenci\u00f3n y penetraci\u00f3n en concordancia con las normas vigentes. La retenci\u00f3n se obtiene mediante un [&hellip;]<\/p>\n","protected":false},"author":1,"featured_media":0,"parent":0,"menu_order":0,"comment_status":"closed","ping_status":"closed","template":"elementor_header_footer","meta":[],"_links":{"self":[{"href":"https:\/\/dyncorpsa.com.ar\/index.php\/wp-json\/wp\/v2\/pages\/32"}],"collection":[{"href":"https:\/\/dyncorpsa.com.ar\/index.php\/wp-json\/wp\/v2\/pages"}],"about":[{"href":"https:\/\/dyncorpsa.com.ar\/index.php\/wp-json\/wp\/v2\/types\/page"}],"author":[{"embeddable":true,"href":"https:\/\/dyncorpsa.com.ar\/index.php\/wp-json\/wp\/v2\/users\/1"}],"replies":[{"embeddable":true,"href":"https:\/\/dyncorpsa.com.ar\/index.php\/wp-json\/wp\/v2\/comments?post=32"}],"version-history":[{"count":15,"href":"https:\/\/dyncorpsa.com.ar\/index.php\/wp-json\/wp\/v2\/pages\/32\/revisions"}],"predecessor-version":[{"id":167,"href":"https:\/\/dyncorpsa.com.ar\/index.php\/wp-json\/wp\/v2\/pages\/32\/revisions\/167"}],"wp:attachment":[{"href":"https:\/\/dyncorpsa.com.ar\/index.php\/wp-json\/wp\/v2\/media?parent=32"}],"curies":[{"name":"wp","href":"https:\/\/api.w.org\/{rel}","templated":true}]}}